{"id":86,"date":"2018-01-15T11:52:28","date_gmt":"2018-01-15T10:52:28","guid":{"rendered":"http:\/\/www.irene-wallner.com\/?page_id=86"},"modified":"2018-01-15T11:52:28","modified_gmt":"2018-01-15T10:52:28","slug":"datenschutzerklaerung","status":"publish","type":"page","link":"http:\/\/www.be-stimmt.at\/irene-wallner\/datenschutzerklaerung\/","title":{"rendered":"Datenschutzerkl\u00e4rung"},"content":{"rendered":"<p>[et_pb_section fb_built=&#8220;1&#8243; _builder_version=&#8220;3.0.95&#8243; custom_padding=&#8220;2px|120px|0px|120px&#8220;][et_pb_row custom_padding=&#8220;0px|0px|1px|0px&#8220; _builder_version=&#8220;3.0.47&#8243; background_size=&#8220;initial&#8220; background_position=&#8220;top_left&#8220; background_repeat=&#8220;repeat&#8220;][et_pb_column type=&#8220;4_4&#8243; _builder_version=&#8220;3.0.47&#8243; parallax=&#8220;off&#8220; parallax_method=&#8220;on&#8220;][et_pb_image src=&#8220;http:\/\/www.irene-wallner.com\/wp-content\/uploads\/2018\/01\/IreneWallner4-grau.jpg&#8220; force_fullwidth=&#8220;on&#8220; _builder_version=&#8220;3.0.95&#8243;]\u00a0<br \/>\n[\/et_pb_image][\/et_pb_column][\/et_pb_row][\/et_pb_section][et_pb_section fb_built=&#8220;1&#8243; _builder_version=&#8220;3.0.47&#8243; custom_padding=&#8220;54px|120px|54px|120px&#8220;][et_pb_row _builder_version=&#8220;3.0.47&#8243; background_size=&#8220;initial&#8220; background_position=&#8220;top_left&#8220; background_repeat=&#8220;repeat&#8220;][et_pb_column type=&#8220;4_4&#8243; _builder_version=&#8220;3.0.47&#8243; parallax=&#8220;off&#8220; parallax_method=&#8220;on&#8220;][et_pb_text _builder_version=&#8220;3.0.95&#8243;]<\/p>\n<h1>Datenschutzerkl\u00e4rung<\/h1>\n<p>Wir legen gro\u00dfen Wert auf den Schutz Ihrer Daten. Um Sie in vollem Umfang \u00fcber die Verwendung personenbezogener Daten zu informieren, bitten wir Sie die folgenden Datenschutzhinweise zur Kenntnis zu nehmen.<\/p>\n<h3>Pers\u00f6nliche Daten<\/h3>\n<p>Pers\u00f6nliche Daten, die Sie auf dieser\u00a0Website elektronisch \u00fcbermitteln, wie zum Beispiel Name, E-Mail-Adresse, Adresse\u00a0oder andere pers\u00f6nlichen Angaben, werden von uns nur zum jeweils angegebenen Zweck verwendet, sicher verwahrt und nicht an Dritte weitergegeben. Der Provider erhebt und speichert automatisch Informationen am Webserver wie verwendeter Browser, Betriebssystem, Verweisseite, IP-Adresse, Uhrzeit des Zugriffs usw. Diese Daten k\u00f6nnen ohne Pr\u00fcfung weiterer Datenquellen keinen bestimmten Personen zugeordnet werden und wir werten diese Daten auch nicht weiter aus solange keine rechtswidrige Nutzung unserer Webseite vorliegt.<\/p>\n<h3>Formulardaten und Kommentare<\/h3>\n<p>Wenn Webseitenbesucher Kommentare oder Formulareintr\u00e4ge hinterlassen, werden die eingegebenen Daten und ihre IP-Adressen gespeichert. Das erfolgt zur Sicherheit, falls jemand widerrechtliche Inhalte verfasst (Beleidigungen, links- oder rechtsextreme Propaganda, Hasspostings usw.). In diesem Fall sind wir\u00a0an der Identit\u00e4t des Verfassers interessiert.<\/p>\n<h3>Cookies<\/h3>\n<p>Cookies sind kleine Dateien, die es dieser Webseite erm\u00f6glichen auf dem Computer des Besuchers spezifische, auf den Nutzer bezogene Informationen zu speichern, w\u00e4hrend unsere Website besucht wird. Cookies helfen uns dabei, die Nutzungsh\u00e4ufigkeit und die Anzahl der Nutzer unserer Internetseiten zu ermitteln, sowie unsere Angebote f\u00fcr Sie komfortabel und effizient zu gestalten. Wir verwenden einerseits Session-Cookies, die ausschlie\u00dflich f\u00fcr die Dauer Ihrer Nutzung unserer Website zwischengespeichert werden und zum anderen permanente Cookies, um Informationen \u00fcber Besucher festzuhalten, die wiederholt auf unsere Website zugreifen. Der Zweck des Einsatzes dieser Cookies besteht darin, eine optimale Benutzerf\u00fchrung anbieten zu k\u00f6nnen sowie Besucher wiederzuerkennen und bei wiederholter Nutzung eine m\u00f6glichst attraktive Website und interessante Inhalte pr\u00e4sentieren zu k\u00f6nnen. Der Inhalt eines permanenten Cookies beschr\u00e4nkt sich auf eine Identifikationsnummer. Name, IP-Adresse usw. werden nicht gespeichert. Eine Einzelprofilbildung \u00fcber Ihr Nutzungsverhalten findet nicht statt. Eine Nutzung unserer Angebote ist auch ohne Cookies m\u00f6glich. Sie k\u00f6nnen in Ihrem Browser das Speichern von Cookies deaktivieren, auf bestimmte Webseiten beschr\u00e4nken oder Ihren Webbrowser (Chrome, IE, Firefox,\u2026) so einstellen, dass er sie benachrichtigt, sobald ein Cookie gesendet wird. Sie k\u00f6nnen Cookies auch jederzeit von der Festplatte ihres PC l\u00f6schen. Bitte beachten Sie aber, dass Sie in diesem Fall mit einer eingeschr\u00e4nkten Darstellung der Seite und mit einer eingeschr\u00e4nkten Benutzerf\u00fchrung rechnen m\u00fcssen.<\/p>\n<h3>Datenschutzerkl\u00e4rung f\u00fcr die Nutzung von Google Analytics<\/h3>\n<p>Diese Website benutzt Google Analytics, einen Webanalysedienst der Google Inc. (\u201eGoogle\u201c). Google Analytics verwendet sog. \u201eCookies\u201c, Textdateien, die auf Ihrem Computer gespeichert werden und die eine Analyse der Benutzung der Website durch Sie erm\u00f6glichen. Die durch den Cookie erzeugten Informationen \u00fcber Ihre Benutzung dieser Website werden in der Regel an einen Server von Google in den USA \u00fcbertragen und dort gespeichert. Im Falle der Aktivierung der IP-Anonymisierung auf dieser Webseite, wird Ihre IP-Adresse von Google jedoch innerhalb von Mitgliedstaaten der Europ\u00e4ischen Union oder in anderen Vertragsstaaten des Abkommens \u00fcber den Europ\u00e4ischen Wirtschaftsraum zuvor gek\u00fcrzt. Nur in Ausnahmef\u00e4llen wird die volle IP-Adresse an einen Server von Google in den USA \u00fcbertragen und dort gek\u00fcrzt. Im Auftrag des Betreibers dieser Website wird Google diese Informationen benutzen, um Ihre Nutzung der Website auszuwerten, um Reports \u00fcber die Websiteaktivit\u00e4ten zusammenzustellen und um weitere mit der Websitenutzung und der Internetnutzung verbundene Dienstleistungen gegen\u00fcber dem Websitebetreiber zu erbringen. Die im Rahmen von Google Analytics von Ihrem Browser \u00fcbermittelte IP-Adresse wird nicht mit anderen Daten von Google zusammengef\u00fchrt. Sie k\u00f6nnen die Speicherung der Cookies durch eine entsprechende Einstellung Ihrer Browser-Software verhindern; wir weisen Sie jedoch darauf hin, dass Sie in diesem Fall gegebenenfalls nicht s\u00e4mtliche Funktionen dieser Website vollumf\u00e4nglich werden nutzen k\u00f6nnen. Sie k\u00f6nnen dar\u00fcber hinaus die Erfassung der durch das Cookie erzeugten und auf Ihre Nutzung der Website bezogenen Daten (inkl. Ihrer IP-Adresse) an Google sowie die Verarbeitung dieser Daten durch Google verhindern, indem sie das unter dem folgenden Link (<a class=\"external\" href=\"http:\/\/tools.google.com\/dlpage\/gaoptout?hl=de\" target=\"_blank\" rel=\"nofollow noopener\">http:\/\/tools.google.com\/dlpage\/gaoptout?hl=de<\/a>) verf\u00fcgbare Browser-Plugin herunterladen und installieren.<\/p>\n<p>N\u00e4here Informationen zu Nutzungsbedingungen und Datenschutz finden Sie unter\u00a0<a class=\"external\" href=\"http:\/\/www.google.com\/analytics\/terms\/de.html\" target=\"_blank\" rel=\"nofollow noopener\">http:\/\/www.google.com\/analytics\/terms\/de.html<\/a>\u00a0bzw. unter\u00a0<a class=\"external\" href=\"https:\/\/support.google.com\/analytics\/answer\/6004245?hl=de\" target=\"_blank\" rel=\"nofollow noopener\">https:\/\/support.google.com\/analytics\/answer\/6004245?hl=de<\/a>. Wir weisen Sie darauf hin, dass auf dieser Webseite Google Analytics um den Code \u201egat._anonymizeIp();\u201c erweitert wurde, um eine anonymisierte Erfassung von IP-Adressen (sog. IP-Masking) zu gew\u00e4hrleisten.<\/p>\n<p>&nbsp;<\/p>\n<h3>Auskunftsrecht<\/h3>\n<p>Sie haben jederzeit das Recht auf Auskunft \u00fcber die bez\u00fcglich Ihrer Person gespeicherten Daten, deren Herkunft und Empf\u00e4nger sowie den Zweck der Speicherung<\/p>\n<p>&nbsp;<\/p>\n<h1>Haftungsausschluss<\/h1>\n<p>Dieser Haftungsausschluss ist als Teil des Internetangebotes zu betrachten, von dem aus auf diese Webseite\u00a0verwiesen wurde. Sofern Teile oder einzelne Formulierungen dieses Textes der geltenden Rechtslage nicht, nicht mehr oder nicht vollst\u00e4ndig entsprechen sollten, bleiben die \u00fcbrigen Teile des Dokumentes in ihrem Inhalt und ihrer G\u00fcltigkeit davon unber\u00fchrt.<\/p>\n<h3>Haftung f\u00fcr Inhalte dieser Webseite<\/h3>\n<p>Die Inhalte dieser Webseite\u00a0wurden mit gr\u00f6\u00dftm\u00f6glicher Sorgfalt erstellt. F\u00fcr die Richtigkeit, Vollst\u00e4ndigkeit und Aktualit\u00e4t der Inhalte \u00fcbernehmen wir jedoch keine Gew\u00e4hr. Als Diensteanbieter sind wir f\u00fcr eigene Inhalte auf diesen Seiten nach den allgemeinen Gesetzen verantwortlich. Wir sind jedoch nicht verpflichtet, \u00fcbermittelte oder gespeicherte fremde Informationen zu \u00fcberwachen oder nach Umst\u00e4nden zu forschen, die auf eine rechtswidrige T\u00e4tigkeit hinweisen. Verpflichtungen zur Entfernung oder Sperrung der Nutzung von Informationen nach den allgemeinen Gesetzen bleiben hiervon unber\u00fchrt. Eine diesbez\u00fcgliche Haftung ist jedoch erst ab dem Zeitpunkt der Kenntnis einer konkreten Rechtsverletzung m\u00f6glich. Bei Bekanntwerden von entsprechenden Rechtsverletzungen werden wir diese Inhalte umgehend entfernen.<\/p>\n<h3>Haftung f\u00fcr Links auf Webseiten Dritter<\/h3>\n<p>Unser Angebot enth\u00e4lt Links zu externen Websites. Auf den Inhalt dieser externen Webseiten haben wir keinerlei Einfluss. Deshalb k\u00f6nnen wir f\u00fcr diese fremden Inhalte auch keine Gew\u00e4hr \u00fcbernehmen. F\u00fcr die Inhalte der verlinkten Seiten ist stets der jeweilige Anbieter oder Betreiber der Seiten verantwortlich. Die verlinkten Seiten wurden zum Zeitpunkt der Verlinkung auf m\u00f6gliche Rechtsverst\u00f6\u00dfe \u00fcberpr\u00fcft. Rechtswidrige Inhalte waren zum Zeitpunkt der Verlinkung nicht erkennbar. Eine permanente inhaltliche Kontrolle der verlinkten Seiten ist jedoch ohne konkrete Anhaltspunkte einer Rechtsverletzung nicht zumutbar. Bei Bekanntwerden von Rechtsverletzungen werden wir derartige Links umgehend entfernen.<\/p>\n<h3>Urheberrecht<\/h3>\n<p>Die Betreiber dieser Webseite\u00a0sind bem\u00fcht, stets die Urheberrechte anderer zu beachten bzw. auf selbst erstellte sowie lizenzfreie Werke zur\u00fcckzugreifen. Die durch die Seitenbetreiber erstellten Inhalte und Werke auf dieser Webseite unterliegen dem Urheberrecht. Beitr\u00e4ge Dritter sind als solche gekennzeichnet. Die Vervielf\u00e4ltigung, Bearbeitung, Verbreitung und jede Art der Verwertung au\u00dferhalb der Grenzen des Urheberrechtes bed\u00fcrfen der schriftlichen Zustimmung des jeweiligen Autors bzw. Erstellers. Downloads und Kopien dieser Seite sind nur f\u00fcr den privaten, nicht kommerziellen Gebrauch gestattet.<br \/>\n[\/et_pb_text][\/et_pb_column][\/et_pb_row][\/et_pb_section]<\/p>\n","protected":false},"excerpt":{"rendered":"<p>\u00a0 Datenschutzerkl\u00e4rung Wir legen gro\u00dfen Wert auf den Schutz Ihrer Daten. Um Sie in vollem Umfang \u00fcber die Verwendung personenbezogener Daten zu informieren, bitten wir Sie die folgenden Datenschutzhinweise zur Kenntnis zu nehmen. Pers\u00f6nliche Daten Pers\u00f6nliche Daten, die Sie auf dieser\u00a0Website elektronisch \u00fcbermitteln, wie zum Beispiel Name, E-Mail-Adresse, Adresse\u00a0oder andere pers\u00f6nlichen Angaben, werden von uns [&hellip;]<\/p>\n","protected":false},"author":1,"featured_media":0,"parent":0,"menu_order":0,"comment_status":"closed","ping_status":"closed","template":"","meta":{"_et_pb_use_builder":"on","_et_pb_old_content":"","_et_gb_content_width":"","footnotes":""},"_links":{"self":[{"href":"http:\/\/www.be-stimmt.at\/irene-wallner\/wp-json\/wp\/v2\/pages\/86"}],"collection":[{"href":"http:\/\/www.be-stimmt.at\/irene-wallner\/wp-json\/wp\/v2\/pages"}],"about":[{"href":"http:\/\/www.be-stimmt.at\/irene-wallner\/wp-json\/wp\/v2\/types\/page"}],"author":[{"embeddable":true,"href":"http:\/\/www.be-stimmt.at\/irene-wallner\/wp-json\/wp\/v2\/users\/1"}],"replies":[{"embeddable":true,"href":"http:\/\/www.be-stimmt.at\/irene-wallner\/wp-json\/wp\/v2\/comments?post=86"}],"version-history":[{"count":0,"href":"http:\/\/www.be-stimmt.at\/irene-wallner\/wp-json\/wp\/v2\/pages\/86\/revisions"}],"wp:attachment":[{"href":"http:\/\/www.be-stimmt.at\/irene-wallner\/wp-json\/wp\/v2\/media?parent=86"}],"curies":[{"name":"wp","href":"https:\/\/api.w.org\/{rel}","templated":true}]}}