{"id":38,"date":"2018-01-15T11:30:24","date_gmt":"2018-01-15T10:30:24","guid":{"rendered":"http:\/\/www.irene-wallner.com\/?page_id=38"},"modified":"2020-10-06T11:51:17","modified_gmt":"2020-10-06T09:51:17","slug":"irene-wallner","status":"publish","type":"page","link":"http:\/\/www.be-stimmt.at\/irene-wallner\/","title":{"rendered":"Irene Wallner"},"content":{"rendered":"<p>[et_pb_section fb_built=&#8220;1&#8243; _builder_version=&#8220;4.5.8&#8243; _module_preset=&#8220;default&#8220; custom_padding=&#8220;0px|||||&#8220;][et_pb_row _builder_version=&#8220;4.5.8&#8243; _module_preset=&#8220;default&#8220; custom_padding=&#8220;0px||0px|||&#8220; width=&#8220;100%&#8220; max_width=&#8220;100%&#8220; hover_enabled=&#8220;0&#8243;][et_pb_column _builder_version=&#8220;4.5.8&#8243; _module_preset=&#8220;default&#8220; type=&#8220;4_4&#8243;][et_pb_gallery _builder_version=&#8220;4.5.8&#8243; _module_preset=&#8220;default&#8220; gallery_ids=&#8220;151,148,150,155&#8243; fullwidth=&#8220;on&#8220; hover_enabled=&#8220;0&#8243; auto=&#8220;on&#8220; pagination_text_color=&#8220;rgba(0,0,0,0)&#8220;][\/et_pb_gallery][\/et_pb_column][\/et_pb_row][\/et_pb_section][et_pb_section fb_built=&#8220;1&#8243; custom_padding_last_edited=&#8220;on|desktop&#8220; _builder_version=&#8220;3.22&#8243; custom_padding=&#8220;26px|120px|19px|120px&#8220; custom_padding_tablet=&#8220;|10px||10px&#8220; custom_padding_phone=&#8220;26px|10px|19px|10px&#8220;][et_pb_row _builder_version=&#8220;3.25&#8243; background_size=&#8220;initial&#8220; background_position=&#8220;top_left&#8220; background_repeat=&#8220;repeat&#8220; custom_padding=&#8220;0px|0px|27px|0px&#8220;][et_pb_column type=&#8220;4_4&#8243; _builder_version=&#8220;3.25&#8243; custom_padding=&#8220;|||&#8220; custom_padding__hover=&#8220;|||&#8220;][et_pb_text _builder_version=&#8220;3.27.4&#8243;]<\/p>\n<h1>Irene Wallner &#8211; Altistin<\/h1>\n<p>Irene Wallner, Alt, studierte Instrumental- und Gesangsp\u00e4dagogik sowie Sologesang an der Universit\u00e4t f\u00fcr Musik und darstellende Kunst in Wien. Sie ist Stipendiatin der Hildegard Zadek Stiftung und der Richard Wagner Stiftung.<\/p>\n<p>Mit gro\u00dfer, warmer Stimme und empfindsam fesselnden Interpretationen begeistert sie das Publikum. Ihre solide Tiefe kommt bei Messias (H\u00e4ndel) und Elias (Mendelssohn) ebenso zum Ausdruck wie bei den bedeutenden Werken von Johann Sebastian Bach.<\/p>\n<p>Im Lied- und Opernfach ist sie Expertin f\u00fcr Mahler, Korngold und das Deutsche Fach, insbesondere Wagner und widmet sich gleichzeitig intensiv Exilkomponisten wie Schulhoff, Kraser, Arlen und Korngold.<\/p>\n<p>In j\u00fcngster Zeit trat Irene Wallner als Altsolistin im Rahmen von Kirchenmusik, Konzerten und Liederabenden mit den Nieder\u00f6sterreichischen Tonk\u00fcnstlern, der Jungen Philharmonie Wien, dem Strauss Festival Orchester, der Pannonischen Philharmonie,\u00a0 David Lutz, Charles Spencer und vielen mehr im Wiener Konzerthaus, beim Brucknerfest in Linz, im J\u00fcdischen Museum in Wien, im Wiener Stephansdom und anderen St\u00e4tten in \u00d6sterreich, Deutschland, Norwegen, Italien und USA auf.<br \/>\n[\/et_pb_text][\/et_pb_column][\/et_pb_row][\/et_pb_section]<\/p>\n","protected":false},"excerpt":{"rendered":"<p>Irene Wallner &#8211; Altistin Irene Wallner, Alt, studierte Instrumental- und Gesangsp\u00e4dagogik sowie Sologesang an der Universit\u00e4t f\u00fcr Musik und darstellende Kunst in Wien. Sie ist Stipendiatin der Hildegard Zadek Stiftung und der Richard Wagner Stiftung. Mit gro\u00dfer, warmer Stimme und empfindsam fesselnden Interpretationen begeistert sie das Publikum. Ihre solide Tiefe kommt bei Messias (H\u00e4ndel) und [&hellip;]<\/p>\n","protected":false},"author":1,"featured_media":0,"parent":0,"menu_order":0,"comment_status":"closed","ping_status":"closed","template":"","meta":{"_et_pb_use_builder":"on","_et_pb_old_content":"<h1>Irene Wallner - Altistin<\/h1><p>Irene Wallner, Alt, studierte Instrumental- und Gesangsp\u00e4dagogik sowie Sologesang an der Universit\u00e4t f\u00fcr Musik und darstellende Kunst in Wien. Sie ist Stipendiatin der Hildegard Zadek Stiftung und der Richard Wagner Stiftung.<\/p><p>Mit gro\u00dfer, warmer Stimme und empfindsam fesselnden Interpretationen begeistert sie das Publikum. Ihre solide Tiefe kommt bei Messias (H\u00e4ndel) und Elias (Mendelssohn) ebenso zum Ausdruck wie bei den bedeutenden Werken von Johann Sebastian Bach.<\/p><p>Im Lied- und Opernfach ist sie Expertin f\u00fcr Mahler, Korngold und das Deutsche Fach, insbesondere Wagner und widmet sich gleichzeitig intensiv Exilkomponisten wie Schulhoff, Kraser, Arlen und Korngold.<\/p><p>In j\u00fcngster Zeit trat Irene Wallner als Altsolistin im Rahmen von Kirchenmusik, Konzerten und Liederabenden mit den Nieder\u00f6sterreichischen Tonk\u00fcnstlern, der Jungen Philharmonie Wien, dem Strauss Festival Orchester, der Pannonischen Philharmonie,\u00a0 David Lutz, Charles Spencer und vielen mehr im Wiener Konzerthaus, beim Brucknerfest in Linz, im J\u00fcdischen Museum in Wien, im Wiener Stephansdom und anderen St\u00e4tten in \u00d6sterreich, Deutschland, Norwegen, Italien und USA auf.<\/p>","_et_gb_content_width":"","footnotes":""},"_links":{"self":[{"href":"http:\/\/www.be-stimmt.at\/irene-wallner\/wp-json\/wp\/v2\/pages\/38"}],"collection":[{"href":"http:\/\/www.be-stimmt.at\/irene-wallner\/wp-json\/wp\/v2\/pages"}],"about":[{"href":"http:\/\/www.be-stimmt.at\/irene-wallner\/wp-json\/wp\/v2\/types\/page"}],"author":[{"embeddable":true,"href":"http:\/\/www.be-stimmt.at\/irene-wallner\/wp-json\/wp\/v2\/users\/1"}],"replies":[{"embeddable":true,"href":"http:\/\/www.be-stimmt.at\/irene-wallner\/wp-json\/wp\/v2\/comments?post=38"}],"version-history":[{"count":2,"href":"http:\/\/www.be-stimmt.at\/irene-wallner\/wp-json\/wp\/v2\/pages\/38\/revisions"}],"predecessor-version":[{"id":212,"href":"http:\/\/www.be-stimmt.at\/irene-wallner\/wp-json\/wp\/v2\/pages\/38\/revisions\/212"}],"wp:attachment":[{"href":"http:\/\/www.be-stimmt.at\/irene-wallner\/wp-json\/wp\/v2\/media?parent=38"}],"curies":[{"name":"wp","href":"https:\/\/api.w.org\/{rel}","templated":true}]}}